{"id":81,"date":"2021-02-05T15:48:22","date_gmt":"2021-02-05T14:48:22","guid":{"rendered":"https:\/\/buecherheroes.de\/?page_id=81"},"modified":"2022-01-13T10:16:59","modified_gmt":"2022-01-13T09:16:59","slug":"worum-gehts-hier","status":"publish","type":"page","link":"https:\/\/buecherheroes.de\/index.php\/worum-gehts-hier\/","title":{"rendered":"Worum geht&#8217;s hier?"},"content":{"rendered":"\n<p>Manuskripte lesen, B\u00fccherstapel schleppen, Veranstaltungen planen, Leser*innen beraten, Druckfahnen korrigieren, Schaufenster dekorieren, mit Autor*innen telefonieren, B\u00fcchertische zusammenstellen, Marketingstrategien ausbaldowern, Buchkonzepte entwerfen, Kindern vorlesen, Pressetexte schreiben, Lesungen moderieren, Buchtrailer produzieren, Vorsatzpapier ausw\u00e4hlen \u2013 wer sich t\u00e4glich leidenschaftlich f\u00fcrs Buch einsetzt, daf\u00fcr, dass andere eine gute Geschichte auf dem Nachttisch liegen oder das verl\u00e4ssliche Nachschlagewerk in der Hand haben, der ist f\u00fcr uns ein b\u00fccherHERO!<br><\/p>\n\n\n\n<p>Am 21. November 2021 feierte der B\u00f6rsenverein Berlin-Brandenburg sein 75. Jubil\u00e4um, ein guter Anlass, die Personen hinter den B\u00fcchern in den Vordergrund zu stellen. Auf dieser Seite zeigen die Mitglieder des B\u00f6rsenvereins Berlin-Brandenburg ihr Gesicht: Unsere #<strong>b\u00fccherHEROES<\/strong>, von der Gesch\u00e4ftsf\u00fchrer*in bis zur Praktikant*in, berichten von ihren pers\u00f6nlichen Wegen in die Buchbranche, mit welchen Kompliz*innen sie schon so manches Ding gedreht haben und von vielem mehr.<\/p>\n","protected":false},"excerpt":{"rendered":"<p>Manuskripte lesen, B\u00fccherstapel schleppen, Veranstaltungen planen, Leser*innen beraten, Druckfahnen korrigieren, Schaufenster dekorieren, mit Autor*innen telefonieren, B\u00fcchertische zusammenstellen, Marketingstrategien ausbaldowern, Buchkonzepte entwerfen, Kindern vorlesen, Pressetexte schreiben, Lesungen moderieren, Buchtrailer produzieren, Vorsatzpapier ausw\u00e4hlen \u2013 wer sich t\u00e4glich leidenschaftlich f\u00fcrs Buch einsetzt, daf\u00fcr, dass andere eine gute Geschichte auf dem Nachttisch liegen oder das verl\u00e4ssliche Nachschlagewerk in der Hand haben, der ist f\u00fcr uns ein b\u00fccherHERO! Am 21. November 2021 feierte der B\u00f6rsenverein Berlin-Brandenburg sein 75. Jubil\u00e4um, ein guter Anlass, die Personen hinter den B\u00fcchern in den Vordergrund zu stellen. Auf dieser Seite zeigen die Mitglieder des B\u00f6rsenvereins Berlin-Brandenburg ihr Gesicht: Unsere #b\u00fccherHEROES,\u2026<\/p>\n","protected":false},"author":1,"featured_media":0,"parent":0,"menu_order":0,"comment_status":"closed","ping_status":"closed","template":"","meta":[],"blocksy_meta":"","_links":{"self":[{"href":"https:\/\/buecherheroes.de\/index.php\/wp-json\/wp\/v2\/pages\/81"}],"collection":[{"href":"https:\/\/buecherheroes.de\/index.php\/wp-json\/wp\/v2\/pages"}],"about":[{"href":"https:\/\/buecherheroes.de\/index.php\/wp-json\/wp\/v2\/types\/page"}],"author":[{"embeddable":true,"href":"https:\/\/buecherheroes.de\/index.php\/wp-json\/wp\/v2\/users\/1"}],"replies":[{"embeddable":true,"href":"https:\/\/buecherheroes.de\/index.php\/wp-json\/wp\/v2\/comments?post=81"}],"version-history":[{"count":11,"href":"https:\/\/buecherheroes.de\/index.php\/wp-json\/wp\/v2\/pages\/81\/revisions"}],"predecessor-version":[{"id":1922,"href":"https:\/\/buecherheroes.de\/index.php\/wp-json\/wp\/v2\/pages\/81\/revisions\/1922"}],"wp:attachment":[{"href":"https:\/\/buecherheroes.de\/index.php\/wp-json\/wp\/v2\/media?parent=81"}],"curies":[{"name":"wp","href":"https:\/\/api.w.org\/{rel}","templated":true}]}}