{"id":50,"date":"2021-02-05T15:32:13","date_gmt":"2021-02-05T14:32:13","guid":{"rendered":"https:\/\/buecherheroes.de\/?page_id=50"},"modified":"2025-07-17T12:22:48","modified_gmt":"2025-07-17T10:22:48","slug":"unternehmen-a-z","status":"publish","type":"page","link":"https:\/\/buecherheroes.de\/index.php\/unternehmen-a-z\/","title":{"rendered":"Unternehmen A-Z"},"content":{"rendered":"\n<ul><li><a href=\"https:\/\/buecherheroes.de\/index.php\/buecher-sind-fuer-mich-brueckenbauer\/\">Anthea Verlag<\/a><\/li><li><a href=\"https:\/\/buecherheroes.de\/index.php\/der-buecherbote-auf-inline-skatern\/\">Argon Verlag<\/a><\/li><li><a href=\"https:\/\/buecherheroes.de\/index.php\/weil-wir-gemeinsam-mehr-erreichen\/\">Aviva Verlag<\/a><\/li><li><a href=\"https:\/\/buecherheroes.de\/index.php\/tag\/be.bra-verlag\/\">be.bra Verlag<\/a><\/li><li><a href=\"https:\/\/buecherheroes.de\/index.php\/ohne-vernetzung-wuerden-wir-niemals-unsere-ziele-erreichen\/\">BerlinHorizonte<\/a><\/li><li><a href=\"https:\/\/buecherheroes.de\/index.php\/ein-verlag-in-new-york-und-berlin\/\">Berlinica Publishing<\/a><\/li><li><a href=\"https:\/\/buecherheroes.de\/index.php\/stark-im-team\/\">Beuth Verlag<\/a><\/li><li><a href=\"https:\/\/buecherheroes.de\/index.php\/buecger-als-freunde-und-inspiration\/\">B\u00f6hland &amp; Schremmer Verlag<\/a><\/li><li><a href=\"https:\/\/buecherheroes.de\/index.php\/tag\/boersenverein-lv-berlin-brandenburg\/\">B\u00f6rsenverein LV Berlin-Brandenburg<\/a><\/li><li><a href=\"https:\/\/buecherheroes.de\/index.php\/ab-ins-kalte-wasser\/\">B\u00fcb\u00fcl Verlag<\/a><\/li><li><a href=\"https:\/\/buecherheroes.de\/index.php\/die-welten-zwischen-den-buchdeckeln\/\">B\u00fcchergilde Buchhandlung am Wittenbergplatz<\/a><\/li><li><a href=\"https:\/\/buecherheroes.de\/index.php\/vom-zufall-der-sich-als-glueck-entpuppte\/\">Buchhandlung Godolt<\/a><\/li><li><a href=\"https:\/\/buecherheroes.de\/index.php\/vom-stift-zum-chef\/\">Buchhandlung Johannesstift<\/a><\/li><li><a href=\"https:\/\/buecherheroes.de\/index.php\/nichts-geht-ohne-kolleginnen\/\">Buchlokal Pankow<\/a><\/li><li><a href=\"https:\/\/buecherheroes.de\/index.php\/buch-ans-kind\/\">BuchSegler \u2013 Der Kinderbuchladen<\/a><\/li><li><a href=\"https:\/\/buecherheroes.de\/index.php\/ich-mache-mein-ding\/\">Carcosa Verlag<\/a><\/li><li><a href=\"https:\/\/buecherheroes.de\/index.php\/der-geruch-nach-leder-und-druckerschwaerze\/\">Da\u011fyeli Verlag<\/a><\/li><li><a href=\"https:\/\/buecherheroes.de\/index.php\/der-mensch-als-erzaehlendes-wesen\/\">Der Erz\u00e4hlverlag<\/a><\/li><li><a href=\"https:\/\/buecherheroes.de\/index.php\/tatkraft-und-flexibilitaet\/\">Dudenverlag<\/a><\/li><li><a href=\"https:\/\/buecherheroes.de\/index.php\/mission-buch\/\">Dussmann das KulturKaufhaus<\/a><\/li><li><a href=\"https:\/\/buecherheroes.de\/index.php\/es-wird-endlich-zeit-fuer-eine-institutionelle-verlagsfoerderung\/\">Edition A. B. Fischer<\/a><\/li><li><a href=\"https:\/\/buecherheroes.de\/index.php\/buecher-nicht-nur-lesen-sondern-machen\/\">Eden Books<\/a><\/li><li><a href=\"https:\/\/buecherheroes.de\/index.php\/vom-bilderbuch-zur-kamishibai-buehne\/\">Edition Bracklo<\/a><\/li><li><a href=\"https:\/\/buecherheroes.de\/index.php\/lesen-sie-blau\/\">edition.fotoTAPETA<\/a><\/li><li><a href=\"https:\/\/buecherheroes.de\/index.php\/gut-gestaltete-lesefreundliche-buecher\/\">edtion fr\u00f6lich<\/a><\/li><li><a href=\"https:\/\/buecherheroes.de\/index.php\/zukunftsvisionen-aufspueren\/\">Edition Progris<\/a><\/li><li><a href=\"https:\/\/buecherheroes.de\/index.php\/der-heidelberger-geist-weht-nach-wie-vor\/\">Elfenbein Verlag<\/a><\/li><li><a href=\"https:\/\/buecherheroes.de\/index.php\/begeisterung-fuer-geschichte\/\">Elsengold Verlag<\/a><\/li><li><a href=\"https:\/\/buecherheroes.de\/index.php\/gute-illustrationen-braucht-das-buch\/\">Favoritenpresse<\/a><\/li><li><a href=\"https:\/\/buecherheroes.de\/index.php\/wir-machen-das-anders\/\">GH Medienhaus Berlin<\/a><\/li><li><a href=\"https:\/\/buecherheroes.de\/index.php\/wir-leben-woman-power\/\">InterKontinental<\/a><\/li><li><a href=\"https:\/\/buecherheroes.de\/index.php\/wenn-herzenswuensche-in-erfuellung-gehen\/\">Joanmartin Literaturverlag<\/a><\/li><li><a href=\"https:\/\/buecherheroes.de\/index.php\/die-liebe-zum-geschichtenerzaehlen\/\">KAZ\u00c9<\/a><\/li><li><a href=\"https:\/\/buecherheroes.de\/index.php\/weltliteratur-fuer-kinder\/\">Kindermann Verlag<\/a><\/li><li><a href=\"https:\/\/buecherheroes.de\/index.php\/in-die-buchbranche-hineingeschlittert\/\">Kraus Verlag<\/a><\/li><li><a href=\"https:\/\/buecherheroes.de\/index.php\/die-bibel-auf-klingonisch\/\">Kulturverlag Kadmos<\/a><\/li><li><a href=\"https:\/\/buecherheroes.de\/index.php\/tag\/literaturtest\/\">Literaturtest<\/a><\/li><li><a href=\"https:\/\/buecherheroes.de\/index.php\/es-ist-okay-sein-eigenes-ding-durchzuziehen\/\">Lukas Verlag<\/a><\/li><li><a href=\"https:\/\/buecherheroes.de\/index.php\/bitte-lasst-frauen-zusammenstehen\/\">Magas Verlag<\/a><\/li><li><a href=\"https:\/\/buecherheroes.de\/index.php\/ein-kindheitstraum-wird-wahr\/\">mikrotext<\/a><\/li><li><a href=\"https:\/\/buecherheroes.de\/index.php\/buecher-als-lebenselixier\/\">Nicolaische Buchhandlung<\/a><\/li><li><a href=\"https:\/\/buecherheroes.de\/index.php\/ein-ganzer-schrank-voller-projekte\/\">PalmArtPress<\/a><\/li><li><a href=\"https:\/\/buecherheroes.de\/index.php\/es-war-wohl-letztendlich-bestimmung\/\">Periplaneta Verlag<\/a><\/li><li><a href=\"https:\/\/buecherheroes.de\/index.php\/der-verlag-als-perfekter-arbeitsplatz\/\">Querverlag<\/a><\/li><li><a href=\"https:\/\/buecherheroes.de\/index.php\/vom-reisen-zum-buechermachen\/\">Reisedepeschen Verlag<\/a><\/li><li><a href=\"https:\/\/buecherheroes.de\/index.php\/unsere-umwelt-liegt-uns-besonders-am-herzen\/\">Rossberg Verlag<\/a><\/li><li><a href=\"https:\/\/buecherheroes.de\/index.php\/zufall-naivitaet-und-wahnsinn\/\">Satyr Verlag<\/a><\/li><li><a href=\"https:\/\/buecherheroes.de\/index.php\/ein-gutes-buch-hat-viele-mosaiksteine\/\">Schiele &amp; Sch\u00f6n Verlag<\/a><\/li><li><a href=\"https:\/\/buecherheroes.de\/index.php\/entdecken-uebersetzen-verlegen\/\">schruf &amp; stipetic<\/a><\/li><li><a href=\"https:\/\/buecherheroes.de\/index.php\/von-duesseldorf-nach-berlin\/\">Secession Verlag<\/a><\/li><li><a href=\"https:\/\/buecherheroes.de\/index.php\/wie-aus-einer-idee-ein-buch-wird\/\">Steffen Verlag<\/a><\/li><li><a href=\"https:\/\/buecherheroes.de\/index.php\/buchhaendlerin-aus-ueberzegung\/\">Tegeler B\u00fccherstube<\/a><\/li><li><a href=\"https:\/\/buecherheroes.de\/index.php\/interaktive-lyrik\/\">vauvau-verlag f\u00fcr interaktive lyrik<\/a><\/li><li><a href=\"https:\/\/buecherheroes.de\/index.php\/tag\/verbrecher-verlag\/\">Verbrecher Verlag<\/a><\/li><li><a href=\"https:\/\/buecherheroes.de\/index.php\/buecherhelden-gibt-es-viele\/\">Verlag der 9 Reiche<\/a><\/li><li><a href=\"https:\/\/buecherheroes.de\/index.php\/ohne-meine-kolleginnen-waere-ich-jetzt-nicht-hier\/\">Verlag Voland &amp; Quist<\/a><\/li><li><a href=\"https:\/\/buecherheroes.de\/index.php\/lyrik-als-aesthetisch-wirksame-kraft\/\">Verlagshaus Berlin<\/a><\/li><li><a href=\"https:\/\/buecherheroes.de\/index.php\/buecher-sind-auch-nich-teurer-als-wiener-schnitzel\/\">Weissbooks Verlag<\/a><\/li><li><a href=\"https:\/\/buecherheroes.de\/index.php\/wenn-sich-neue-wege-oeffnen\/\">Wichern Verlag<\/a><\/li><\/ul>\n","protected":false},"excerpt":{"rendered":"<p>Anthea Verlag Argon Verlag Aviva Verlag be.bra Verlag BerlinHorizonte Berlinica Publishing Beuth Verlag B\u00f6hland &amp; Schremmer Verlag B\u00f6rsenverein LV Berlin-Brandenburg B\u00fcb\u00fcl Verlag B\u00fcchergilde Buchhandlung am Wittenbergplatz Buchhandlung Godolt Buchhandlung Johannesstift Buchlokal Pankow BuchSegler \u2013 Der Kinderbuchladen Carcosa Verlag Da\u011fyeli Verlag Der Erz\u00e4hlverlag Dudenverlag Dussmann das KulturKaufhaus Edition A. B. Fischer Eden Books Edition Bracklo edition.fotoTAPETA edtion fr\u00f6lich Edition Progris Elfenbein Verlag Elsengold Verlag Favoritenpresse GH Medienhaus Berlin InterKontinental Joanmartin Literaturverlag KAZ\u00c9 Kindermann Verlag Kraus Verlag Kulturverlag Kadmos Literaturtest Lukas Verlag Magas Verlag mikrotext Nicolaische Buchhandlung PalmArtPress Periplaneta Verlag Querverlag Reisedepeschen Verlag Rossberg Verlag Satyr Verlag Schiele &amp; Sch\u00f6n Verlag schruf\u2026<\/p>\n","protected":false},"author":1,"featured_media":0,"parent":0,"menu_order":0,"comment_status":"closed","ping_status":"closed","template":"","meta":[],"blocksy_meta":"","_links":{"self":[{"href":"https:\/\/buecherheroes.de\/index.php\/wp-json\/wp\/v2\/pages\/50"}],"collection":[{"href":"https:\/\/buecherheroes.de\/index.php\/wp-json\/wp\/v2\/pages"}],"about":[{"href":"https:\/\/buecherheroes.de\/index.php\/wp-json\/wp\/v2\/types\/page"}],"author":[{"embeddable":true,"href":"https:\/\/buecherheroes.de\/index.php\/wp-json\/wp\/v2\/users\/1"}],"replies":[{"embeddable":true,"href":"https:\/\/buecherheroes.de\/index.php\/wp-json\/wp\/v2\/comments?post=50"}],"version-history":[{"count":65,"href":"https:\/\/buecherheroes.de\/index.php\/wp-json\/wp\/v2\/pages\/50\/revisions"}],"predecessor-version":[{"id":2301,"href":"https:\/\/buecherheroes.de\/index.php\/wp-json\/wp\/v2\/pages\/50\/revisions\/2301"}],"wp:attachment":[{"href":"https:\/\/buecherheroes.de\/index.php\/wp-json\/wp\/v2\/media?parent=50"}],"curies":[{"name":"wp","href":"https:\/\/api.w.org\/{rel}","templated":true}]}}