{"id":343,"date":"2021-02-16T11:04:24","date_gmt":"2021-02-16T10:04:24","guid":{"rendered":"https:\/\/buecherheroes.de\/?page_id=343"},"modified":"2021-02-16T12:35:43","modified_gmt":"2021-02-16T11:35:43","slug":"impressum","status":"publish","type":"page","link":"https:\/\/buecherheroes.de\/index.php\/impressum\/","title":{"rendered":"Impressum"},"content":{"rendered":"<p>B\u00f6rsenverein des Deutschen Buchhandels<br \/>\nLandesverband Berlin-Brandenburg<br \/>\nDanckelmannstra\u00dfe 9<br \/>\n14059 Berlin<br \/>\nTelefon: 030 \u2013 26 39 18 0<br \/>\nFax: 030 \u2013 26 39 18 18<\/p>\n<p><a href=\"mailto:verband@berlinerbuchhandel.de\">verband@berlinerbuchhandel.de<\/a><\/p>\n<p><strong>Haftung f\u00fcr Inhalte<\/strong><\/p>\n<p>Als Diensteanbieter sind wir gem\u00e4\u00df \u00a7 7 Abs.1 TMG f\u00fcr<br \/>\neigene Inhalte auf diesen Seiten nach den allgemeinen Gesetzen verantwortlich.<\/p>\n<p>Nach \u00a7\u00a7 8 bis 10 TMG sind wir als Diensteanbieter jedoch nicht<br \/>\nverpflichtet, \u00fcbermittelte oder gespeicherte fremde Informationen zu<br \/>\n\u00fcberwachen oder nach Umst\u00e4nden zu forschen, die auf eine rechtswidrige\u00a0T\u00e4tigkeit hinweisen. Verpflichtungen zur Entfernung oder Sperrung der\u00a0Nutzung von Informationen nach den allgemeinen Gesetzen bleiben hiervon\u00a0unber\u00fchrt. Eine diesbez\u00fcgliche Haftung ist jedoch erst ab dem\u00a0Zeitpunkt der Kenntnis einer konkreten Rechtsverletzung m\u00f6glich. Bei\u00a0Bekanntwerden von entsprechenden Rechtsverletzungen werden wir diese Inhalte\u00a0umgehend entfernen.<\/p>\n<p><strong>Haftung f\u00fcr Links<\/strong><\/p>\n<p>Unser Angebot enth\u00e4lt Links zu externen Webseiten Dritter, auf deren<br \/>\nInhalte wir keinen Einfluss haben. Deshalb k\u00f6nnen wir f\u00fcr diese<br \/>\nfremden Inhalte auch keine Gew\u00e4hr \u00fcbernehmen. F\u00fcr die Inhalte<br \/>\nder verlinkten Seiten ist stets der jeweilige Anbieter oder Betreiber der\u00a0Seiten verantwortlich. Die verlinkten Seiten wurden zum Zeitpunkt der Verlinkung\u00a0auf m\u00f6gliche Rechtsverst\u00f6\u00dfe \u00fcberpr\u00fcft. Rechtswidrige<br \/>\nInhalte waren zum Zeitpunkt der Verlinkung nicht erkennbar. Eine permanente\u00a0inhaltliche Kontrolle der verlinkten Seiten ist jedoch ohne konkrete Anhaltspunkte\u00a0einer Rechtsverletzung nicht zumutbar. Bei Bekanntwerden von Rechtsverletzungen\u00a0werden wir derartige Links umgehend entfernen.<\/p>\n<p><strong>Urheberrecht<\/strong><\/p>\n<p>Die durch die Seitenbetreiber erstellten Inhalte und Werke auf diesen Seiten\u00a0unterliegen dem deutschen Urheberrecht. Die Vervielf\u00e4ltigung, Bearbeitung, Verbreitung und\u00a0jede Art der Verwertung au\u00dferhalb der Grenzen des Urheberrechtes bed\u00fcrfen\u00a0der schriftlichen Zustimmung des jeweiligen Autors bzw. Erstellers. Downloads\u00a0und Kopien dieser Seite sind nur f\u00fcr den privaten, nicht kommerziellen\u00a0Gebrauch gestattet. Soweit die Inhalte auf dieser Seite nicht vom Betreiber erstellt wurden,\u00a0werden die Urheberrechte Dritter beachtet. Insbesondere werden Inhalte Dritter als solche\u00a0gekennzeichnet. Sollten Sie trotzdem auf eine Urheberrechtsverletzung aufmerksam werden, bitten wir um einen entsprechenden Hinweis.\u00a0Bei Bekanntwerden von Rechtsverletzungen werden wir derartige Inhalte umgehend entfernen.<\/p>\n<p>Quellverweis: <a href=\"http:\/\/www.erecht24.de\" target=\"_blank\" rel=\"noopener\">eRecht24<\/a><\/p>\n","protected":false},"excerpt":{"rendered":"<p>B\u00f6rsenverein des Deutschen Buchhandels Landesverband Berlin-Brandenburg Danckelmannstra\u00dfe 9 14059 Berlin Telefon: 030 \u2013 26 39 18 0 Fax: 030 \u2013 26 39 18 18 verband@berlinerbuchhandel.de Haftung f\u00fcr Inhalte Als Diensteanbieter sind wir gem\u00e4\u00df \u00a7 7 Abs.1 TMG f\u00fcr eigene Inhalte auf diesen Seiten nach den allgemeinen Gesetzen verantwortlich. Nach \u00a7\u00a7 8 bis 10 TMG sind wir als Diensteanbieter jedoch nicht verpflichtet, \u00fcbermittelte oder gespeicherte fremde Informationen zu \u00fcberwachen oder nach Umst\u00e4nden zu forschen, die auf eine rechtswidrige\u00a0T\u00e4tigkeit hinweisen. Verpflichtungen zur Entfernung oder Sperrung der\u00a0Nutzung von Informationen nach den allgemeinen Gesetzen bleiben hiervon\u00a0unber\u00fchrt. Eine diesbez\u00fcgliche Haftung ist jedoch erst ab dem\u00a0Zeitpunkt\u2026<\/p>\n","protected":false},"author":1,"featured_media":0,"parent":0,"menu_order":0,"comment_status":"closed","ping_status":"closed","template":"","meta":[],"blocksy_meta":"","_links":{"self":[{"href":"https:\/\/buecherheroes.de\/index.php\/wp-json\/wp\/v2\/pages\/343"}],"collection":[{"href":"https:\/\/buecherheroes.de\/index.php\/wp-json\/wp\/v2\/pages"}],"about":[{"href":"https:\/\/buecherheroes.de\/index.php\/wp-json\/wp\/v2\/types\/page"}],"author":[{"embeddable":true,"href":"https:\/\/buecherheroes.de\/index.php\/wp-json\/wp\/v2\/users\/1"}],"replies":[{"embeddable":true,"href":"https:\/\/buecherheroes.de\/index.php\/wp-json\/wp\/v2\/comments?post=343"}],"version-history":[{"count":4,"href":"https:\/\/buecherheroes.de\/index.php\/wp-json\/wp\/v2\/pages\/343\/revisions"}],"predecessor-version":[{"id":406,"href":"https:\/\/buecherheroes.de\/index.php\/wp-json\/wp\/v2\/pages\/343\/revisions\/406"}],"wp:attachment":[{"href":"https:\/\/buecherheroes.de\/index.php\/wp-json\/wp\/v2\/media?parent=343"}],"curies":[{"name":"wp","href":"https:\/\/api.w.org\/{rel}","templated":true}]}}