{"id":321,"date":"2021-02-10T13:34:54","date_gmt":"2021-02-10T12:34:54","guid":{"rendered":"https:\/\/buecherheroes.de\/?page_id=321"},"modified":"2022-01-13T10:13:42","modified_gmt":"2022-01-13T09:13:42","slug":"mitmachen","status":"publish","type":"page","link":"https:\/\/buecherheroes.de\/index.php\/mitmachen\/","title":{"rendered":"Mitmachen"},"content":{"rendered":"<p>Bitte f\u00fcllen Sie unseren Fragebogen aus und geben Sie sich als <strong>b\u00fccherHERO<\/strong> zu erkennen. <\/p>\n<div role=\"form\" class=\"wpcf7\" id=\"wpcf7-f323-o1\" lang=\"de-DE\" dir=\"ltr\">\n<div class=\"screen-reader-response\"><p role=\"status\" aria-live=\"polite\" aria-atomic=\"true\"><\/p> <ul><\/ul><\/div>\n<form action=\"\/index.php\/wp-json\/wp\/v2\/pages\/321#wpcf7-f323-o1\" method=\"post\" class=\"wpcf7-form init\" enctype=\"multipart\/form-data\" novalidate=\"novalidate\" data-status=\"init\">\n<div style=\"display: none;\">\n<input type=\"hidden\" name=\"_wpcf7\" value=\"323\" \/>\n<input type=\"hidden\" name=\"_wpcf7_version\" value=\"5.3.2\" \/>\n<input type=\"hidden\" name=\"_wpcf7_locale\" value=\"de_DE\" \/>\n<input type=\"hidden\" name=\"_wpcf7_unit_tag\" value=\"wpcf7-f323-o1\" \/>\n<input type=\"hidden\" name=\"_wpcf7_container_post\" value=\"0\" \/>\n<input type=\"hidden\" name=\"_wpcf7_posted_data_hash\" value=\"\" \/>\n<\/div>\n<p><label> Name (Pflichtfeld):<br \/>\n    <span class=\"wpcf7-form-control-wrap mein-name\"><input type=\"text\" name=\"mein-name\" value=\"\" size=\"40\" class=\"wpcf7-form-control wpcf7-text wpcf7-validates-as-required\" aria-required=\"true\" aria-invalid=\"false\" \/><\/span> <\/label><\/p>\n<p><label> Firma (Pflichtfeld):<br \/>\n    <span class=\"wpcf7-form-control-wrap firma\"><input type=\"text\" name=\"firma\" value=\"\" size=\"40\" class=\"wpcf7-form-control wpcf7-text wpcf7-validates-as-required\" aria-required=\"true\" aria-invalid=\"false\" \/><\/span> <\/label><\/p>\n<p><label> Position (optional):<br \/>\n    <span class=\"wpcf7-form-control-wrap position\"><input type=\"text\" name=\"position\" value=\"\" size=\"40\" class=\"wpcf7-form-control wpcf7-text\" aria-invalid=\"false\" \/><\/span> <\/label><\/p>\n<p>Wir sprechen alle Mitarbeiter*innen in den Unternehmen an. Die Beitr\u00e4ge von verschiedenen Kolleg*innen aus einem Unternehmen werden unter \u00bbUnternehmen A-Z\u00ab geb\u00fcndelt dargestellt.<\/p>\n<p>Laden Sie ein Foto von sich hoch (Headshot, Pflichtfeld):<\/p>\n<p><span class=\"wpcf7-form-control-wrap foto-headshot\"><input type=\"file\" name=\"foto-headshot\" size=\"40\" class=\"wpcf7-form-control wpcf7-file wpcf7-validates-as-required\" accept=\".jpg,.png,.jpeg\" aria-required=\"true\" aria-invalid=\"false\" \/><\/span><\/p>\n<p>Copyright des Fotos (Pflichtfeld):<\/p>\n<p><span class=\"wpcf7-form-control-wrap copyright-headshot\"><input type=\"text\" name=\"copyright-headshot\" value=\"\" size=\"40\" class=\"wpcf7-form-control wpcf7-text wpcf7-validates-as-required\" aria-required=\"true\" aria-invalid=\"false\" \/><\/span><\/p>\n<p>Hier k\u00f6nnen Sie zus\u00e4tzlich noch ein Foto von Ihrem Arbeitsplatz oder Ihrem Team hochladen (optional):<\/p>\n<p><span class=\"wpcf7-form-control-wrap foto-arbeitsplatz-team\"><input type=\"file\" name=\"foto-arbeitsplatz-team\" size=\"40\" class=\"wpcf7-form-control wpcf7-file\" accept=\".jpg,.png,.jpeg\" aria-invalid=\"false\" \/><\/span><\/p>\n<p>Copyright des Fotos (optional):<\/p>\n<p><span class=\"wpcf7-form-control-wrap copyright-teamfoto\"><input type=\"text\" name=\"copyright-teamfoto\" value=\"\" size=\"40\" class=\"wpcf7-form-control wpcf7-text\" aria-invalid=\"false\" \/><\/span><\/p>\n<p>Mit dem Hochladen der Fotos erkl\u00e4ren Sie sich einverstanden, dass wir diese im Rahmen der Aktion <strong>b\u00fccherHEROES<\/strong> auf unserer Webseite und den Social-Media-Kan\u00e4len des B\u00f6rsenvereins Berlin-Brandenburg nutzen.<\/p>\n<p><label> Das hat mich in die Buchbranche gef\u00fchrt (Pflichtfeld):<br \/>\n    <span class=\"wpcf7-form-control-wrap das-hat-mich-in-die-buchbranche-gefuehrt\"><textarea name=\"das-hat-mich-in-die-buchbranche-gefuehrt\" cols=\"40\" rows=\"10\" class=\"wpcf7-form-control wpcf7-textarea wpcf7-validates-as-required\" aria-required=\"true\" aria-invalid=\"false\"><\/textarea><\/span> <\/label><\/p>\n<p><label> Mein Lieblingsbuch, das keiner kennt (Pflichtfeld):<br \/>\n    <span class=\"wpcf7-form-control-wrap mein-lieblingsbuch-das-keiner-kennt\"><input type=\"text\" name=\"mein-lieblingsbuch-das-keiner-kennt\" value=\"\" size=\"40\" class=\"wpcf7-form-control wpcf7-text wpcf7-validates-as-required\" aria-required=\"true\" aria-invalid=\"false\" \/><\/span> <\/label><\/p>\n<p><label> Ohne meine Kolleg*innen h\u00e4tte ich dieses Ding nicht gedreht (Pflichtfeld):<br \/>\n    <span class=\"wpcf7-form-control-wrap ohne-meine-kolleginnen-frage\"><textarea name=\"ohne-meine-kolleginnen-frage\" cols=\"40\" rows=\"10\" class=\"wpcf7-form-control wpcf7-textarea wpcf7-validates-as-required\" aria-required=\"true\" aria-invalid=\"false\"><\/textarea><\/span> <\/label><\/p>\n<p><label> Dieses Projekt w\u00fcrde ich gerne aus der Schublade holen (Pflichtfeld):<br \/>\n    <span class=\"wpcf7-form-control-wrap schubladen-projekt\"><textarea name=\"schubladen-projekt\" cols=\"40\" rows=\"10\" class=\"wpcf7-form-control wpcf7-textarea wpcf7-validates-as-required\" aria-required=\"true\" aria-invalid=\"false\"><\/textarea><\/span> <\/label><\/p>\n<p><label> Ich bin Mitglied im B\u00f6rsenverein, weil... (optional)<br \/>\n    <span class=\"wpcf7-form-control-wrap warum-mitglied-sein\"><textarea name=\"warum-mitglied-sein\" cols=\"40\" rows=\"10\" class=\"wpcf7-form-control wpcf7-textarea\" aria-invalid=\"false\"><\/textarea><\/span> <\/label><\/p>\n<p><label> Welcher b\u00fccherHERO ist noch zu entdecken, und warum? (Pflichtfeld)<br \/>\n    <span class=\"wpcf7-form-control-wrap buecherhero-zum-entdecken\"><textarea name=\"buecherhero-zum-entdecken\" cols=\"40\" rows=\"10\" class=\"wpcf7-form-control wpcf7-textarea wpcf7-validates-as-required\" aria-required=\"true\" aria-invalid=\"false\"><\/textarea><\/span> <\/label><\/p>\n<p><label> Webseite des b\u00fccherHEROs, den Sie empfehlen (optional)<\/p>\n<p>    <span class=\"wpcf7-form-control-wrap buecherhero-url\"><input type=\"text\" name=\"buecherhero-url\" value=\"\" size=\"40\" class=\"wpcf7-form-control wpcf7-text\" aria-invalid=\"false\" \/><\/span> <\/label><\/p>\n<p>In welchem Bereich sind Sie t\u00e4tig? (Pflichtfeld)<\/p>\n<p><span class=\"wpcf7-form-control-wrap arbeitsbereich\"><span class=\"wpcf7-form-control wpcf7-radio\"><span class=\"wpcf7-list-item first\"><label><input type=\"radio\" name=\"arbeitsbereich\" value=\"Buchhandel\" checked=\"checked\" \/><span class=\"wpcf7-list-item-label\">Buchhandel<\/span><\/label><\/span><span class=\"wpcf7-list-item\"><label><input type=\"radio\" name=\"arbeitsbereich\" value=\"Verlag\" \/><span class=\"wpcf7-list-item-label\">Verlag<\/span><\/label><\/span><span class=\"wpcf7-list-item last\"><label><input type=\"radio\" name=\"arbeitsbereich\" value=\"Branchenpartner\" \/><span class=\"wpcf7-list-item-label\">Branchenpartner<\/span><\/label><\/span><\/span><\/span><\/p>\n<p>Auf welche Themen haben Sie sich spezialisiert? (Mehrfachantworten m\u00f6glich, Pflichtfeld)<\/p>\n<p><span class=\"wpcf7-form-control-wrap arbeitsbereich_speziell\"><span class=\"wpcf7-form-control wpcf7-checkbox wpcf7-validates-as-required\"><span class=\"wpcf7-list-item first\"><label><input type=\"checkbox\" name=\"arbeitsbereich_speziell[]\" value=\"Belletristik &amp; Sachbuch\" \/><span class=\"wpcf7-list-item-label\">Belletristik &amp; Sachbuch<\/span><\/label><\/span><span class=\"wpcf7-list-item\"><label><input type=\"checkbox\" name=\"arbeitsbereich_speziell[]\" value=\"Kinder- &amp; Jugendbuch\" \/><span class=\"wpcf7-list-item-label\">Kinder- &amp; Jugendbuch<\/span><\/label><\/span><span class=\"wpcf7-list-item last\"><label><input type=\"checkbox\" name=\"arbeitsbereich_speziell[]\" value=\"Wissenschaft &amp; Fachbuch\" \/><span class=\"wpcf7-list-item-label\">Wissenschaft &amp; Fachbuch<\/span><\/label><\/span><\/span><\/span><\/p>\n<p><strong>Wo sind Sie beruflich zu finden?<\/strong><\/p>\n<p>(Diese Angabe wird als Box im Beitrag auf der Webseite und in der Kartendarstellung verwendet)<\/p>\n<p><label> Stra\u00dfe (Pflichtfeld)<br \/>\n    <span class=\"wpcf7-form-control-wrap strasse\"><input type=\"text\" name=\"strasse\" value=\"\" size=\"40\" class=\"wpcf7-form-control wpcf7-text wpcf7-validates-as-required\" aria-required=\"true\" aria-invalid=\"false\" \/><\/span> <\/label><\/p>\n<p><label> PLZ (Pflichtfeld)<br \/>\n    <span class=\"wpcf7-form-control-wrap plz\"><input type=\"text\" name=\"plz\" value=\"\" size=\"40\" class=\"wpcf7-form-control wpcf7-text wpcf7-validates-as-required\" aria-required=\"true\" aria-invalid=\"false\" \/><\/span> <\/label><\/p>\n<p><label> Stadt (Pflichtfeld)<br \/>\n    <span class=\"wpcf7-form-control-wrap stadt\"><input type=\"text\" name=\"stadt\" value=\"\" size=\"40\" class=\"wpcf7-form-control wpcf7-text wpcf7-validates-as-required\" aria-required=\"true\" aria-invalid=\"false\" \/><\/span> <\/label><\/p>\n<p><label> Stadtteil (optional)<br \/>\n    <span class=\"wpcf7-form-control-wrap stadtteil\"><input type=\"text\" name=\"stadtteil\" value=\"\" size=\"40\" class=\"wpcf7-form-control wpcf7-text\" aria-invalid=\"false\" \/><\/span> <\/label><\/p>\n<p><strong>Wie sind Sie zu erreichen?<\/strong><\/p>\n<p><label> Telefon (Pflichtfeld)<br \/>\n    <span class=\"wpcf7-form-control-wrap telefon\"><input type=\"text\" name=\"telefon\" value=\"\" size=\"40\" class=\"wpcf7-form-control wpcf7-text wpcf7-validates-as-required\" aria-required=\"true\" aria-invalid=\"false\" \/><\/span> <\/label><\/p>\n<p><label> E-Mail (Pflichtfeld)<br \/>\n    <span class=\"wpcf7-form-control-wrap email\"><input type=\"email\" name=\"email\" value=\"\" size=\"40\" class=\"wpcf7-form-control wpcf7-text wpcf7-email wpcf7-validates-as-required wpcf7-validates-as-email\" aria-required=\"true\" aria-invalid=\"false\" \/><\/span> <\/label><\/p>\n<p><label> Webseite (Pflichtfeld)<br \/>\n    <span class=\"wpcf7-form-control-wrap webseite\"><input type=\"text\" name=\"webseite\" value=\"\" size=\"40\" class=\"wpcf7-form-control wpcf7-text wpcf7-validates-as-required\" aria-required=\"true\" aria-invalid=\"false\" \/><\/span> <\/label><\/p>\n<p>Social-Media-Kan\u00e4le<\/p>\n<p><label> Facebook (optional)<br \/>\n    <span class=\"wpcf7-form-control-wrap facebook\"><input type=\"text\" name=\"facebook\" value=\"\" size=\"40\" class=\"wpcf7-form-control wpcf7-text\" aria-invalid=\"false\" \/><\/span> <\/label><\/p>\n<p><label> Instagram (optional)<br \/>\n    <span class=\"wpcf7-form-control-wrap instagram\"><input type=\"text\" name=\"instagram\" value=\"\" size=\"40\" class=\"wpcf7-form-control wpcf7-text\" aria-invalid=\"false\" \/><\/span> <\/label><\/p>\n<p><label> Was Sie sonst noch loswerden m\u00f6chten (optional)<br \/>\n    <span class=\"wpcf7-form-control-wrap your-message\"><textarea name=\"your-message\" cols=\"40\" rows=\"10\" class=\"wpcf7-form-control wpcf7-textarea\" aria-invalid=\"false\"><\/textarea><\/span> <\/label><\/p>\n<p><input type=\"submit\" value=\"Senden\" class=\"wpcf7-form-control wpcf7-submit\" \/><\/p>\n<div class=\"wpcf7-response-output\" aria-hidden=\"true\"><\/div><\/form><\/div>\n<p>Redaktionelle Pr\u00fcfung des Beitrages vorbehalten.<\/p>\n<p>Hinweis: Sollten Sie das in Ihrem Fragebogen genannte Unternehmen verlassen oder wechseln, \u00e4ndern wir dies gerne f\u00fcr Sie. Schreiben Sie einfach eine E-Mail an <a href=\"mailto:verband@berlinerbuchhandel.de\">verband@berlinerbuchhandel.de<\/a>. \u00dcber diese E-Mail-Adresse k\u00f6nnen Sie uns auch zu Fragen oder Problemen beim Ausf\u00fcllen des Fragebogens erreichen.<\/p>\n\n\n<p><\/p>\n","protected":false},"excerpt":{"rendered":"<p>Bitte f\u00fcllen Sie unseren Fragebogen aus und geben Sie sich als b\u00fccherHERO zu erkennen. Redaktionelle Pr\u00fcfung des Beitrages vorbehalten. Hinweis: Sollten Sie das in Ihrem Fragebogen genannte Unternehmen verlassen oder wechseln, \u00e4ndern wir dies gerne f\u00fcr Sie. Schreiben Sie einfach eine E-Mail an verband@berlinerbuchhandel.de. \u00dcber diese E-Mail-Adresse k\u00f6nnen Sie uns auch zu Fragen oder Problemen beim Ausf\u00fcllen des Fragebogens erreichen.<\/p>\n","protected":false},"author":1,"featured_media":0,"parent":0,"menu_order":0,"comment_status":"closed","ping_status":"closed","template":"","meta":[],"blocksy_meta":"","_links":{"self":[{"href":"https:\/\/buecherheroes.de\/index.php\/wp-json\/wp\/v2\/pages\/321"}],"collection":[{"href":"https:\/\/buecherheroes.de\/index.php\/wp-json\/wp\/v2\/pages"}],"about":[{"href":"https:\/\/buecherheroes.de\/index.php\/wp-json\/wp\/v2\/types\/page"}],"author":[{"embeddable":true,"href":"https:\/\/buecherheroes.de\/index.php\/wp-json\/wp\/v2\/users\/1"}],"replies":[{"embeddable":true,"href":"https:\/\/buecherheroes.de\/index.php\/wp-json\/wp\/v2\/comments?post=321"}],"version-history":[{"count":16,"href":"https:\/\/buecherheroes.de\/index.php\/wp-json\/wp\/v2\/pages\/321\/revisions"}],"predecessor-version":[{"id":1918,"href":"https:\/\/buecherheroes.de\/index.php\/wp-json\/wp\/v2\/pages\/321\/revisions\/1918"}],"wp:attachment":[{"href":"https:\/\/buecherheroes.de\/index.php\/wp-json\/wp\/v2\/media?parent=321"}],"curies":[{"name":"wp","href":"https:\/\/api.w.org\/{rel}","templated":true}]}}